{"id":1991,"date":"2009-02-27T18:45:11","date_gmt":"2009-02-27T18:45:11","guid":{"rendered":"http:\/\/vu2057.freddie.1984.is\/siggimustest\/?page_id=1991"},"modified":"2009-10-15T15:58:21","modified_gmt":"2009-10-15T15:58:21","slug":"ingi","status":"publish","type":"page","link":"https:\/\/siggimus.com\/siggimus\/writing\/sogur\/ingi\/","title":{"rendered":"ingi"},"content":{"rendered":"<p>Tvisvar var l\u00edtill str\u00e1kur sem h\u00e9t Ingi. Hann var vo\u00f0a vo\u00f0a lj\u00f3tur. Eiginlega \u00f3ge\u00f0slega lj\u00f3tur. Hann \u00e1tti hund. Ingi var alltaf kl\u00e6ddur \u00ed lopapeysu, pollagalla og me\u00f0 trefil og vettlinga, en var samt alltaf kvefa\u00f0ur. Enginn vissi af hverju. En Ingi greyi\u00f0 var l\u00edka hrikalega lei\u00f0inlegur og \u00e1tti enga vini. \u00cd sk\u00f3lanum var hann alltaf kalla\u00f0ur Aum-Ingi, meira a\u00f0 segja sk\u00f3lastj\u00f3rinn kalla\u00f0i hann einu sinni Aum-Inga. En \u00fea\u00f0 var bara af \u00fev\u00ed a\u00f0 hann (sk\u00f3lastj\u00f3rinn) var n\u00fdb\u00fainn a\u00f0 komast a\u00f0 \u00fev\u00ed a\u00f0 konan hans h\u00e9lt framhj\u00e1 honum me\u00f0 sj\u00f6tugum karlr\u00e6fli. En einu sinni kom Ingi me\u00f0 tyggj\u00f3 \u00ed sk\u00f3lann og gaf \u00f6llum. Eftir \u00fea\u00f0 voru allir g\u00f3\u00f0ir vinir hans, meira a\u00f0 segja T\u00f3ti t\u00f6ffari.<\/p>\n<p><a href=\"ingi-handritid\/\">[sko\u00f0a\u00f0u svo handriti\u00f0! frumriti\u00f0! orginalinn!(e\u00f0a \u00feannig sko, \u00feetta er nottla bara mynd af orginalnum sko)]<\/a><\/p>\n","protected":false},"excerpt":{"rendered":"<p>Tvisvar var l\u00edtill str\u00e1kur sem h\u00e9t Ingi. Hann var vo\u00f0a vo\u00f0a lj\u00f3tur. Eiginlega \u00f3ge\u00f0slega lj\u00f3tur. Hann \u00e1tti hund. Ingi var alltaf kl\u00e6ddur \u00ed lopapeysu, pollagalla og me\u00f0 trefil og vettlinga, en var samt alltaf kvefa\u00f0ur. Enginn vissi af hverju. En Ingi greyi\u00f0 var l\u00edka hrikalega lei\u00f0inlegur og \u00e1tti enga vini. \u00cd sk\u00f3lanum var hann alltaf [&hellip;]<\/p>\n","protected":false},"author":4,"featured_media":0,"parent":1989,"menu_order":1,"comment_status":"open","ping_status":"open","template":"","meta":{"ngg_post_thumbnail":0,"jetpack_post_was_ever_published":false,"footnotes":""},"class_list":["post-1991","page","type-page","status-publish","hentry"],"jetpack_likes_enabled":false,"jetpack_sharing_enabled":true,"jetpack_shortlink":"https:\/\/wp.me\/PcQPg2-w7","_links":{"self":[{"href":"https:\/\/siggimus.com\/siggimus\/wp-json\/wp\/v2\/pages\/1991","targetHints":{"allow":["GET"]}}],"collection":[{"href":"https:\/\/siggimus.com\/siggimus\/wp-json\/wp\/v2\/pages"}],"about":[{"href":"https:\/\/siggimus.com\/siggimus\/wp-json\/wp\/v2\/types\/page"}],"author":[{"embeddable":true,"href":"https:\/\/siggimus.com\/siggimus\/wp-json\/wp\/v2\/users\/4"}],"replies":[{"embeddable":true,"href":"https:\/\/siggimus.com\/siggimus\/wp-json\/wp\/v2\/comments?post=1991"}],"version-history":[{"count":5,"href":"https:\/\/siggimus.com\/siggimus\/wp-json\/wp\/v2\/pages\/1991\/revisions"}],"predecessor-version":[{"id":3160,"href":"https:\/\/siggimus.com\/siggimus\/wp-json\/wp\/v2\/pages\/1991\/revisions\/3160"}],"up":[{"embeddable":true,"href":"https:\/\/siggimus.com\/siggimus\/wp-json\/wp\/v2\/pages\/1989"}],"wp:attachment":[{"href":"https:\/\/siggimus.com\/siggimus\/wp-json\/wp\/v2\/media?parent=1991"}],"curies":[{"name":"wp","href":"https:\/\/api.w.org\/{rel}","templated":true}]}}